{"id":7402,"date":"2021-03-11T21:02:08","date_gmt":"2021-03-11T20:02:08","guid":{"rendered":"https:\/\/bizonfasteners.com\/?post_type=product&#038;p=7402"},"modified":"2021-04-26T16:56:04","modified_gmt":"2021-04-26T14:56:04","slug":"zszywki-do-kartonu-typ-packfix-c-32","status":"publish","type":"product","link":"https:\/\/bizonfasteners.com\/pl\/produkt\/zszywki-do-kartonu-typ-packfix-c-32\/","title":{"rendered":"Zszywki do kartonu typ Packfix C 32"},"content":{"rendered":"<p>D\u0142ugo\u015bci: 15, 18, mm<\/p>\n<p>Materia\u0142: gatunkowa stal ocynkowana elektrolitycznie oraz pokryta \u017cywic\u0105<\/p>\n","protected":false},"excerpt":{"rendered":"<p><strong>Zszywki do kartonu typ Packfix C 32<\/strong><\/p>\n<p>Zszywki do zamykania opakowa\u0144 z tektury falistej. Zamykanie kartonu zszywkami zapewnia optymalnie mocne po\u0142\u0105czenie i zarazem spe\u0142nia funkcj\u0119 plomby, otwarcie pud\u0142a pozostawia wyra\u017ane uszkodzenia.<\/p>\n","protected":false},"featured_media":7728,"template":"","meta":[],"_links":{"self":[{"href":"https:\/\/bizonfasteners.com\/pl\/wp-json\/wp\/v2\/product\/7402"}],"collection":[{"href":"https:\/\/bizonfasteners.com\/pl\/wp-json\/wp\/v2\/product"}],"about":[{"href":"https:\/\/bizonfasteners.com\/pl\/wp-json\/wp\/v2\/types\/product"}],"wp:featuredmedia":[{"embeddable":true,"href":"https:\/\/bizonfasteners.com\/pl\/wp-json\/wp\/v2\/media\/7728"}],"wp:attachment":[{"href":"https:\/\/bizonfasteners.com\/pl\/wp-json\/wp\/v2\/media?parent=7402"}],"curies":[{"name":"wp","href":"https:\/\/api.w.org\/{rel}","templated":true}]}}