{"id":7452,"date":"2021-03-13T14:39:22","date_gmt":"2021-03-13T13:39:22","guid":{"rendered":"https:\/\/bizonfasteners.com\/?post_type=product&#038;p=7452"},"modified":"2021-04-26T16:54:26","modified_gmt":"2021-04-26T14:54:26","slug":"spinki-c-ring-typ-cl20x18","status":"publish","type":"product","link":"https:\/\/bizonfasteners.com\/pl\/produkt\/spinki-c-ring-typ-cl20x18\/","title":{"rendered":"Spinki C-ring typ CL20x1,8"},"content":{"rendered":"<p>Wymiary spinki: 23,9 x 12 ; drut \u015brednicy 1,8 mm<\/p>\n<p>Materia\u0142 \/ wykonanie:<\/p>\n<p>\u2013 <strong>NK<\/strong> &#8211; drut stalowy ocynkowany elektrolitycznie<\/p>\n<p>\u2013 <strong>ZIELONE &#8211;<\/strong> drut stalowy ocynkowany elektrolitycznie, lakier (inny kolor na \u017cyczenie)<\/p>\n<p>\u2013 <strong>CRAPAL<\/strong> &#8211; drut stalowy, pokrycie cynk z dodatkiem aluminium nazywane jest r\u00f3wnie\u017c \u201eGALFAN\u201d<\/p>\n","protected":false},"excerpt":{"rendered":"<p><strong>Spinki C-ring typ CL20x1,8<\/strong><\/p>\n<p>Spinki przeznaczone do po\u0142\u0105cze\u0144 spr\u0119\u017cyn oraz tkanin do spr\u0119\u017cyn w produkcji mebli tapicerowanych i materacy. Stosowane r\u00f3wnie\u017c do po\u0142\u0105cze\u0144 pokrowc\u00f3w z metalowym szkieletem foteli samochodowych. Znakomicie nadaj\u0105 si\u0119 do zamykania work\u00f3w i innych aplikacji zwi\u0105zanych z pakowaniem. Lakierowane w kolorze zielonym do produkcji sztucznych choinek. Wykonanie CRAPL o wi\u0119kszej odporno\u015bci na korozj\u0119 do monta\u017cu lekkich gabion\u00f3w. Wykorzystywane tak\u017ce w produkcji klatek dla zwierz\u0105t, ogrodzeniach rolniczych i le\u015bnych oraz po\u0142\u0105cze\u0144 drut\u00f3w ostrzowych w ogrodzeniach specjalnych \u2013 wi\u0119zienia, obiekty wojskowe, kolejowe.<\/p>\n","protected":false},"featured_media":7812,"template":"","meta":[],"_links":{"self":[{"href":"https:\/\/bizonfasteners.com\/pl\/wp-json\/wp\/v2\/product\/7452"}],"collection":[{"href":"https:\/\/bizonfasteners.com\/pl\/wp-json\/wp\/v2\/product"}],"about":[{"href":"https:\/\/bizonfasteners.com\/pl\/wp-json\/wp\/v2\/types\/product"}],"wp:featuredmedia":[{"embeddable":true,"href":"https:\/\/bizonfasteners.com\/pl\/wp-json\/wp\/v2\/media\/7812"}],"wp:attachment":[{"href":"https:\/\/bizonfasteners.com\/pl\/wp-json\/wp\/v2\/media?parent=7452"}],"curies":[{"name":"wp","href":"https:\/\/api.w.org\/{rel}","templated":true}]}}