{"id":7537,"date":"2021-03-15T11:05:45","date_gmt":"2021-03-15T10:05:45","guid":{"rendered":"https:\/\/bizonfasteners.com\/?post_type=product&#038;p=7537"},"modified":"2021-12-12T21:02:56","modified_gmt":"2021-12-12T20:02:56","slug":"sztyfty-typ-s-600","status":"publish","type":"product","link":"https:\/\/bizonfasteners.com\/pl\/produkt\/sztyfty-typ-s-600\/","title":{"rendered":"Sztyfty bez \u0142ba typ:  S 600"},"content":{"rendered":"<p>d\u0142ugo\u015b\u0107: od 10 do 35 mm<\/p>\n<p>materia\u0142:<br \/>\n&#8211; gatunkowa stal ocynkowana elektrolitycznie<\/p>\n","protected":false},"excerpt":{"rendered":"<p><strong>Sztyfty bez \u0142ba typ: S 600<\/strong><\/p>\n<p>Przeznaczone do po\u0142\u0105cze\u0144 gdzie wymagany jest jak najmniej widoczny \u015blad po wbiciu.<\/p>\n<p>Np.: do mocowania ozdobnych listewek na drzwiczkach mebli, listwy maskuj\u0105ce o\u015bcie\u017cnic drzwi i okien drewnianych.<\/p>\n","protected":false},"featured_media":8279,"template":"","meta":[],"_links":{"self":[{"href":"https:\/\/bizonfasteners.com\/pl\/wp-json\/wp\/v2\/product\/7537"}],"collection":[{"href":"https:\/\/bizonfasteners.com\/pl\/wp-json\/wp\/v2\/product"}],"about":[{"href":"https:\/\/bizonfasteners.com\/pl\/wp-json\/wp\/v2\/types\/product"}],"wp:featuredmedia":[{"embeddable":true,"href":"https:\/\/bizonfasteners.com\/pl\/wp-json\/wp\/v2\/media\/8279"}],"wp:attachment":[{"href":"https:\/\/bizonfasteners.com\/pl\/wp-json\/wp\/v2\/media?parent=7537"}],"curies":[{"name":"wp","href":"https:\/\/api.w.org\/{rel}","templated":true}]}}