{"id":7556,"date":"2021-03-15T15:30:16","date_gmt":"2021-03-15T14:30:16","guid":{"rendered":"https:\/\/bizonfasteners.com\/?post_type=product&#038;p=7556"},"modified":"2021-04-26T16:49:32","modified_gmt":"2021-04-26T14:49:32","slug":"zszywki-do-tackerow-typ-13","status":"publish","type":"product","link":"https:\/\/bizonfasteners.com\/pl\/produkt\/zszywki-do-tackerow-typ-13\/","title":{"rendered":"Zszywki do tacker\u00f3w typ 13"},"content":{"rendered":"<p>D\u0142ugo\u015bci: 4, 6, 8, 10, 12, 14 mm<\/p>\n<p>Materia\u0142: gatunkowa stal ocynkowana elektrolitycznie<\/p>\n<p>&nbsp;<\/p>\n","protected":false},"excerpt":{"rendered":"<p><strong>Zszywki do tacker\u00f3w typ 13<\/strong><\/p>\n<p>Popularna zszywka tapicerska w domowych zastosowaniach. Idealna do metkowania w produkcji ogrodowych wyrob\u00f3w z drewna jak r\u00f3wnie\u017c do prac dekoratorskich.<\/p>\n","protected":false},"featured_media":7721,"template":"","meta":[],"_links":{"self":[{"href":"https:\/\/bizonfasteners.com\/pl\/wp-json\/wp\/v2\/product\/7556"}],"collection":[{"href":"https:\/\/bizonfasteners.com\/pl\/wp-json\/wp\/v2\/product"}],"about":[{"href":"https:\/\/bizonfasteners.com\/pl\/wp-json\/wp\/v2\/types\/product"}],"wp:featuredmedia":[{"embeddable":true,"href":"https:\/\/bizonfasteners.com\/pl\/wp-json\/wp\/v2\/media\/7721"}],"wp:attachment":[{"href":"https:\/\/bizonfasteners.com\/pl\/wp-json\/wp\/v2\/media?parent=7556"}],"curies":[{"name":"wp","href":"https:\/\/api.w.org\/{rel}","templated":true}]}}