{"id":7562,"date":"2021-03-15T15:47:29","date_gmt":"2021-03-15T14:47:29","guid":{"rendered":"https:\/\/bizonfasteners.com\/?post_type=product&#038;p=7562"},"modified":"2021-04-26T16:45:29","modified_gmt":"2021-04-26T14:45:29","slug":"zszywki-do-papieru-typ-24","status":"publish","type":"product","link":"https:\/\/bizonfasteners.com\/pl\/produkt\/zszywki-do-papieru-typ-24\/","title":{"rendered":"Zszywki do papieru typ 24"},"content":{"rendered":"<p>D\u0142ugo\u015bci: 6, 8 mm<\/p>\n<p>Materia\u0142: gatunkowa stal ocynkowana elektrolitycznie<\/p>\n","protected":false},"excerpt":{"rendered":"<p><strong>Zszywki do papieru typ 24<\/strong><\/p>\n<p>Najcz\u0119\u015bciej stosowana zszywka w zszywaczach biurowych. Zszywki 24\/8 pozwalaj\u0105 na zszywanie kilkudziesi\u0119ciu kartek 80 g i stosowane s\u0105 do zszywania zeszyt\u00f3w. U\u017cywane r\u00f3wnie\u017c do produkcji \u0142ubianek. Zszywka 24\/6 \u0142\u0105czy do 30 kartek papieru 80 g.<\/p>\n","protected":false},"featured_media":7724,"template":"","meta":[],"_links":{"self":[{"href":"https:\/\/bizonfasteners.com\/pl\/wp-json\/wp\/v2\/product\/7562"}],"collection":[{"href":"https:\/\/bizonfasteners.com\/pl\/wp-json\/wp\/v2\/product"}],"about":[{"href":"https:\/\/bizonfasteners.com\/pl\/wp-json\/wp\/v2\/types\/product"}],"wp:featuredmedia":[{"embeddable":true,"href":"https:\/\/bizonfasteners.com\/pl\/wp-json\/wp\/v2\/media\/7724"}],"wp:attachment":[{"href":"https:\/\/bizonfasteners.com\/pl\/wp-json\/wp\/v2\/media?parent=7562"}],"curies":[{"name":"wp","href":"https:\/\/api.w.org\/{rel}","templated":true}]}}