{"id":7684,"date":"2021-03-18T12:34:07","date_gmt":"2021-03-18T11:34:07","guid":{"rendered":"https:\/\/bizonfasteners.com\/?post_type=product&#038;p=7684"},"modified":"2021-04-27T16:47:54","modified_gmt":"2021-04-27T14:47:54","slug":"zlacza-dwuteowe-zd","status":"publish","type":"product","link":"https:\/\/bizonfasteners.com\/pl\/produkt\/zlacza-dwuteowe-zd\/","title":{"rendered":"Z\u0142\u0105cza dwuteowe ZD"},"content":{"rendered":"<p><strong>Z\u0142\u0105cza dwuteowe ZD<\/strong><\/p>\n<p>ZD produkujemy w dw\u00f3ch szeroko\u015bciach 16 i 17 mm<\/p>\n<p>d\u0142ugo\u015bci:<\/p>\n<p>39, 51, 64, 76, 88, 101, 112, 125 mm<br \/>\n1,5\u201d, 2\u201d, 2,5\u201d, 3\u201d, 3,5\u201d, 4\u201d, 4,5\u201d, 5\u201d<\/p>\n","protected":false},"excerpt":{"rendered":"<p><strong>Z\u0142\u0105cza dwuteowe ZD do po\u0142\u0105cze\u0144 k\u0105towych desek<\/strong><\/p>\n<p>Najcz\u0119\u015bciej stosowane przez producent\u00f3w trumien. Dopracowali\u015bmy konstrukcj\u0119 z\u0142\u0105cza ZD kt\u00f3re, spe\u0142nia doskonale swoje zadanie czyli:<\/p>\n<p>&#8211; pozwala si\u0119 \u0142atwo wbija\u0107 w ka\u017cdy rodzaj drewna<br \/>\n&#8211; doskonale \u015bci\u0105ga \u0142\u0105czone deski &#8211; sto\u017ckowy kszta\u0142t i rozszerzenie (dodatkowe rozszerzenie na pocz\u0105tkowym odcinku z\u0142\u0105cza)<br \/>\n&#8211; tworzy mocne, trwa\u0142e oraz niewidoczne po\u0142\u0105czenie k\u0105towe<\/p>\n","protected":false},"featured_media":7690,"template":"","meta":[],"_links":{"self":[{"href":"https:\/\/bizonfasteners.com\/pl\/wp-json\/wp\/v2\/product\/7684"}],"collection":[{"href":"https:\/\/bizonfasteners.com\/pl\/wp-json\/wp\/v2\/product"}],"about":[{"href":"https:\/\/bizonfasteners.com\/pl\/wp-json\/wp\/v2\/types\/product"}],"wp:featuredmedia":[{"embeddable":true,"href":"https:\/\/bizonfasteners.com\/pl\/wp-json\/wp\/v2\/media\/7690"}],"wp:attachment":[{"href":"https:\/\/bizonfasteners.com\/pl\/wp-json\/wp\/v2\/media?parent=7684"}],"curies":[{"name":"wp","href":"https:\/\/api.w.org\/{rel}","templated":true}]}}