{"id":7710,"date":"2021-03-19T18:37:44","date_gmt":"2021-03-19T17:37:44","guid":{"rendered":"https:\/\/bizonfasteners.com\/?post_type=product&#038;p=7710"},"modified":"2021-04-27T16:54:24","modified_gmt":"2021-04-27T14:54:24","slug":"zszywki-do-mocowania-ocieplen-scian-typ-246","status":"publish","type":"product","link":"https:\/\/bizonfasteners.com\/pl\/produkt\/zszywki-do-mocowania-ocieplen-scian-typ-246\/","title":{"rendered":"Zszywki do mocowania ocieple\u0144 \u015bcian typ 246"},"content":{"rendered":"<p>D\u0142ugo\u015bci od 75 do 160 mm<\/p>\n<p>Materia\u0142:<\/p>\n<ul>\n<li>gatunkowa stal ocynkowana elektrolitycznie, pokryta \u017cywic\u0105<\/li>\n<li><strong>NR<\/strong> \u2013 stal nierdzewna gat. 1.4401\u00a0 (316) w klasie A4 oraz gat. 1.4301 (304) w klasie A2.<\/li>\n<\/ul>\n<p>&nbsp;<\/p>\n","protected":false},"excerpt":{"rendered":"<p><strong>Zszywki do mocowania ocieple\u0144 \u015bcian typ 246<\/strong><\/p>\n<p>Zszywki budowlane, wykorzystywane g\u0142\u00f3wnie przy monta\u017cu p\u0142yt ocieplenia \u015bcian dom\u00f3w w konstrukcji szkieletu drewnianego.<\/p>\n<p>Zszywki s\u0105 cz\u0119\u015bciowo wbijane w p\u0142yty OSB lub drewno, pozosta\u0142a cz\u0119\u015b\u0107 znajduje si\u0119 w mi\u0119kkiej p\u0142ycie lub we\u0142nie mineralnej. Szeroki grzbiet u\u0142atwia dobre trzymanie.<\/p>\n","protected":false},"featured_media":7711,"template":"","meta":[],"_links":{"self":[{"href":"https:\/\/bizonfasteners.com\/pl\/wp-json\/wp\/v2\/product\/7710"}],"collection":[{"href":"https:\/\/bizonfasteners.com\/pl\/wp-json\/wp\/v2\/product"}],"about":[{"href":"https:\/\/bizonfasteners.com\/pl\/wp-json\/wp\/v2\/types\/product"}],"wp:featuredmedia":[{"embeddable":true,"href":"https:\/\/bizonfasteners.com\/pl\/wp-json\/wp\/v2\/media\/7711"}],"wp:attachment":[{"href":"https:\/\/bizonfasteners.com\/pl\/wp-json\/wp\/v2\/media?parent=7710"}],"curies":[{"name":"wp","href":"https:\/\/api.w.org\/{rel}","templated":true}]}}