{"id":7828,"date":"2021-03-26T16:12:19","date_gmt":"2021-03-26T15:12:19","guid":{"rendered":"https:\/\/bizonfasteners.com\/?post_type=product&#038;p=7828"},"modified":"2021-03-26T16:12:20","modified_gmt":"2021-03-26T15:12:20","slug":"spinki-tulejki-st","status":"publish","type":"product","link":"https:\/\/bizonfasteners.com\/pl\/produkt\/spinki-tulejki-st\/","title":{"rendered":"Spinki \u2013 Tulejki ST"},"content":{"rendered":"<p>Wymiary spinki:<br \/>\n&#8211; szeroko\u015b\u0107 od 11 do 22 mm<br \/>\n&#8211; d\u0142ugo\u015b\u0107 w rozwini\u0119ciu od 18 do 28 mm<br \/>\n&#8211; rozwarcie 5 \u2013 6,3 mm<\/p>\n<p>Materia\u0142: blacha ze stali niskow\u0119glowej, standardowo niepokryta<br \/>\nNa \u017cyczenie stal ocynkowana elektrolitycznie, lub nierdzewna gat. 304<\/p>\n<p>W ta\u015bmach po\u0142\u0105czone \u017cy\u0142k\u0105 po 40 (47) sztuk,<br \/>\nW zwojach na szpuli po 3900 i 9300 sztuk, zale\u017cnie od typu\/rozmiaru.<\/p>\n","protected":false},"excerpt":{"rendered":"<p><strong>Spinki \u2013 Tulejki ST<\/strong><\/p>\n<p>Spinki tulejki ST zaci\u015bni\u0119te wok\u00f3\u0142 dw\u00f3ch drut\u00f3w pneumatycznym narz\u0119dziem tworz\u0105 mocne trwa\u0142e po\u0142\u0105cznie w postaci tulejki.<\/p>\n<p>Powszechnie stosowane do po\u0142\u0105cze\u0144 drut\u00f3w i spr\u0119\u017cyn w produkcji mebli tapicerowanych i materacy.<\/p>\n<p>Stosowane r\u00f3wnie\u017c do po\u0142\u0105cze\u0144 klatek dla zwierz\u0105t, gabion\u00f3w, ogrodze\u0144 rolniczych i le\u015bnych oraz po\u0142\u0105cze\u0144 drut\u00f3w ostrzowych w ogrodzeniach specjalnych \u2013 wi\u0119zienia, obiekty wojskowe, kolejowe.<\/p>\n","protected":false},"featured_media":7829,"template":"","meta":[],"_links":{"self":[{"href":"https:\/\/bizonfasteners.com\/pl\/wp-json\/wp\/v2\/product\/7828"}],"collection":[{"href":"https:\/\/bizonfasteners.com\/pl\/wp-json\/wp\/v2\/product"}],"about":[{"href":"https:\/\/bizonfasteners.com\/pl\/wp-json\/wp\/v2\/types\/product"}],"wp:featuredmedia":[{"embeddable":true,"href":"https:\/\/bizonfasteners.com\/pl\/wp-json\/wp\/v2\/media\/7829"}],"wp:attachment":[{"href":"https:\/\/bizonfasteners.com\/pl\/wp-json\/wp\/v2\/media?parent=7828"}],"curies":[{"name":"wp","href":"https:\/\/api.w.org\/{rel}","templated":true}]}}