{"id":8150,"date":"2021-04-09T16:28:54","date_gmt":"2021-04-09T14:28:54","guid":{"rendered":"https:\/\/bizonfasteners.com\/?post_type=product&#038;p=8150"},"modified":"2021-04-09T16:28:55","modified_gmt":"2021-04-09T14:28:55","slug":"gwozdzie-bdc-ring","status":"publish","type":"product","link":"https:\/\/bizonfasteners.com\/pl\/produkt\/gwozdzie-bdc-ring\/","title":{"rendered":"Gwo\u017adzie BDC RING"},"content":{"rendered":"<p><strong>RING &#8211; <\/strong>rdze\u0144 walcowany pier\u015bcieniowo<br \/>\nOstrze w wykonaniu standardowym<strong> lub t\u0119pe (BP)<\/strong><br \/>\nMateria\u0142 \/ wykonanie:<br \/>\n<strong>\u00a0 \u00a0 \u00a0BK<\/strong> &#8211; stal go\u0142a<br \/>\n<strong>\u00a0 \u00a0 \u00a0NK<\/strong> &#8211; stal ocynkowana<br \/>\n<strong>\u00a0 \u00a0 \u00a0NR<\/strong> &#8211; stal nierdzewna, gat. 304 lub 316<br \/>\n\u015arednice \/ d\u0142ugo\u015bci:<br \/>\n<strong>\u00a0 \u00a0 \u00a02,1<\/strong> (2,3) \/ od <strong>22 do 55 mm<\/strong> \/ ilo\u015b\u0107 gwo\u017adzi w zwoju 300 sztuk<br \/>\n<strong>\u00a0 \u00a0 \u00a02,5<\/strong> mm \/ od <strong>30 do 75 mm<\/strong> \/ ilo\u015b\u0107 gwo\u017adzi w zwoju 300 sztuk<br \/>\n<strong>\u00a0 \u00a0 \u00a02,8<\/strong> (2,7) \/ od <strong>60 do 90<\/strong> mm \/ ilo\u015b\u0107 gwo\u017adzi w zwoju 250 sztuk<br \/>\n<strong>\u00a0 \u00a0 \u00a03,1<\/strong> (3,3) \/ od <strong>60 do 100<\/strong> mm \/ ilo\u015b\u0107 gwo\u017adzi w zwoju 200 sztuk<\/p>\n","protected":false},"excerpt":{"rendered":"<p><strong>Gwo\u017adzie BDC RING<\/strong><\/p>\n<p>Gwo\u017adzie w zwojach po\u0142\u0105czone drutem, do wbijania za pomoc\u0105 narz\u0119dzi z magazynkiem b\u0119bnowym.<\/p>\n","protected":false},"featured_media":8152,"template":"","meta":[],"_links":{"self":[{"href":"https:\/\/bizonfasteners.com\/pl\/wp-json\/wp\/v2\/product\/8150"}],"collection":[{"href":"https:\/\/bizonfasteners.com\/pl\/wp-json\/wp\/v2\/product"}],"about":[{"href":"https:\/\/bizonfasteners.com\/pl\/wp-json\/wp\/v2\/types\/product"}],"wp:featuredmedia":[{"embeddable":true,"href":"https:\/\/bizonfasteners.com\/pl\/wp-json\/wp\/v2\/media\/8152"}],"wp:attachment":[{"href":"https:\/\/bizonfasteners.com\/pl\/wp-json\/wp\/v2\/media?parent=8150"}],"curies":[{"name":"wp","href":"https:\/\/api.w.org\/{rel}","templated":true}]}}