{"id":8156,"date":"2021-04-09T16:40:49","date_gmt":"2021-04-09T14:40:49","guid":{"rendered":"https:\/\/bizonfasteners.com\/?post_type=product&#038;p=8156"},"modified":"2021-04-09T16:40:49","modified_gmt":"2021-04-09T14:40:49","slug":"gwozdzie-bdc-sc","status":"publish","type":"product","link":"https:\/\/bizonfasteners.com\/pl\/produkt\/gwozdzie-bdc-sc\/","title":{"rendered":"Gwo\u017adzie BDC SC"},"content":{"rendered":"<p><strong>SC &#8211; <\/strong>rdze\u0144 walcowany skr\u0119tnie (Screw)<br \/>\nOstrze w wykonaniu standardowym lub sko\u015bnie t\u0119pe (BP)<br \/>\nMateria\u0142 \/ wykonanie:<br \/>\n<strong>BK<\/strong> &#8211; stal go\u0142a<br \/>\n<strong>NK<\/strong> &#8211; stal ocynkowana<br \/>\n<strong>NR<\/strong> &#8211; stal nierdzewna, gat. 304 lub 316<br \/>\n\u015arednice \/ d\u0142ugo\u015bci:<br \/>\n<strong>2,1<\/strong> (2,3) \/ od <strong>22 do 55 mm<\/strong> \/ ilo\u015b\u0107 gwo\u017adzi w zwoju 300 sztuk<br \/>\n<strong>2,5<\/strong> mm \/ od <strong>30 do 75 mm<\/strong> \/ ilo\u015b\u0107 gwo\u017adzi w zwoju 300 sztuk<br \/>\n<strong>2,8<\/strong> (2,7) \/ od <strong>60 do 90<\/strong> mm \/ ilo\u015b\u0107 gwo\u017adzi w zwoju 250 sztuk<br \/>\n<strong>3,1<\/strong> (3,3) \/ od <strong>60 do 130<\/strong> mm \/ ilo\u015b\u0107 gwo\u017adzi w zwoju 200 sztuk<\/p>\n","protected":false},"excerpt":{"rendered":"<p><strong>Gwo\u017adzie BDC SC<\/strong><\/p>\n<p>Gwo\u017adzie w zwojach po\u0142\u0105czone drutem, do wbijania za pomoc\u0105 narz\u0119dzi z magazynkiem b\u0119bnowym.<\/p>\n","protected":false},"featured_media":8153,"template":"","meta":[],"_links":{"self":[{"href":"https:\/\/bizonfasteners.com\/pl\/wp-json\/wp\/v2\/product\/8156"}],"collection":[{"href":"https:\/\/bizonfasteners.com\/pl\/wp-json\/wp\/v2\/product"}],"about":[{"href":"https:\/\/bizonfasteners.com\/pl\/wp-json\/wp\/v2\/types\/product"}],"wp:featuredmedia":[{"embeddable":true,"href":"https:\/\/bizonfasteners.com\/pl\/wp-json\/wp\/v2\/media\/8153"}],"wp:attachment":[{"href":"https:\/\/bizonfasteners.com\/pl\/wp-json\/wp\/v2\/media?parent=8156"}],"curies":[{"name":"wp","href":"https:\/\/api.w.org\/{rel}","templated":true}]}}