{"id":8157,"date":"2021-04-09T16:44:29","date_gmt":"2021-04-09T14:44:29","guid":{"rendered":"https:\/\/bizonfasteners.com\/?post_type=product&#038;p=8157"},"modified":"2021-04-12T13:59:27","modified_gmt":"2021-04-12T11:59:27","slug":"gwozdzie-bdc-jumbo","status":"publish","type":"product","link":"https:\/\/bizonfasteners.com\/pl\/produkt\/gwozdzie-bdc-jumbo\/","title":{"rendered":"Gwo\u017adzie BDC JUMBO"},"content":{"rendered":"<p>Materia\u0142, wykonania jak dla standardowych zwoj\u00f3w BDC<br \/>\n\u015arednice \/ d\u0142ugo\u015bci \/ ilo\u015b\u0107 gwo\u017adzi w zwoju:<br \/>\n<strong>\u00a0 \u00a0 \u00a02,1<\/strong> (2,3) \/ od <strong>22 do 55 mm<\/strong> \/ <strong>1200 sztuk<\/strong><br \/>\n<strong>\u00a0 \u00a0 \u00a02,5<\/strong> mm \/ od <strong>30 do 75 mm<\/strong> \/\u00a0\u00a0 <strong>900 sztuk<\/strong><br \/>\n<strong>\u00a0 \u00a0 \u00a02,8<\/strong> (2,7) \/ od <strong>60 do 90<\/strong> mm \/ \u00a0\u00a0<strong>800 sztuk<\/strong><br \/>\n<strong>\u00a0 \u00a0 \u00a03,1<\/strong> (3,3) \/ od <strong>60 do 130<\/strong> mm \/ <strong>600 sztuk<\/strong><br \/>\nNa \u017cyczenie produkujemy r\u00f3wnie\u017c gwo\u017adzie BDC w zwojach na szpulach o pojemno\u015bci do 3 000 sztuk.<\/p>\n","protected":false},"excerpt":{"rendered":"<p><strong>Gwo\u017adzie BDC JUMBO <\/strong><\/p>\n<p>Gwo\u017adzie w du\u017cych zwojach JUMBO po\u0142\u0105czone drutem, do wbijania za pomoc\u0105 narz\u0119dzi z magazynkiem JUMBO. Stosowane na liniach monta\u017cowych, maszynach i robotach.<\/p>\n","protected":false},"featured_media":8151,"template":"","meta":[],"_links":{"self":[{"href":"https:\/\/bizonfasteners.com\/pl\/wp-json\/wp\/v2\/product\/8157"}],"collection":[{"href":"https:\/\/bizonfasteners.com\/pl\/wp-json\/wp\/v2\/product"}],"about":[{"href":"https:\/\/bizonfasteners.com\/pl\/wp-json\/wp\/v2\/types\/product"}],"wp:featuredmedia":[{"embeddable":true,"href":"https:\/\/bizonfasteners.com\/pl\/wp-json\/wp\/v2\/media\/8151"}],"wp:attachment":[{"href":"https:\/\/bizonfasteners.com\/pl\/wp-json\/wp\/v2\/media?parent=8157"}],"curies":[{"name":"wp","href":"https:\/\/api.w.org\/{rel}","templated":true}]}}