{"id":8190,"date":"2021-04-12T14:15:33","date_gmt":"2021-04-12T12:15:33","guid":{"rendered":"https:\/\/bizonfasteners.com\/?post_type=product&#038;p=8190"},"modified":"2021-04-12T14:54:44","modified_gmt":"2021-04-12T12:54:44","slug":"gwozdzie-papowe-dpn-w-zwojach-drut","status":"publish","type":"product","link":"https:\/\/bizonfasteners.com\/pl\/produkt\/gwozdzie-papowe-dpn-w-zwojach-drut\/","title":{"rendered":"Gwo\u017adzie papowe DPN w zwojach &#8211; drut"},"content":{"rendered":"<p><strong>RING &#8211; <\/strong>rdze\u0144 walcowany pier\u015bcieniowo<br \/>\nMateria\u0142 \/ wykonanie:<br \/>\n<strong>\u00a0 \u00a0 \u00a0NK<\/strong> \u2013 stal ocynkowana<br \/>\n\u015arednica: <strong>3,1 mm<\/strong><br \/>\nD\u0142ugo\u015bci: od <strong>16 <\/strong>do <strong>45 mm<\/strong><br \/>\n\u0141eb \u015brednicy: <strong>10 mm<\/strong><br \/>\nIlo\u015b\u0107 gwo\u017adzi w zwoju: 120 sztuk<\/p>\n","protected":false},"excerpt":{"rendered":"<p><strong>Gwo\u017adzie papowe DPN w zwojach &#8211; drut<\/strong><\/p>\n<p>Gwo\u017adzie papowe po\u0142\u0105czone w zwoje za pomoc\u0105 drutu do wbijania za pomoc\u0105 narz\u0119dzi pneumatycznych. G\u0142\u00f3wnie stosowane w budownictwie i do mocowania pokry\u0107 skrzy\u0144 \u0142adunkowych.<\/p>\n","protected":false},"featured_media":8192,"template":"","meta":[],"_links":{"self":[{"href":"https:\/\/bizonfasteners.com\/pl\/wp-json\/wp\/v2\/product\/8190"}],"collection":[{"href":"https:\/\/bizonfasteners.com\/pl\/wp-json\/wp\/v2\/product"}],"about":[{"href":"https:\/\/bizonfasteners.com\/pl\/wp-json\/wp\/v2\/types\/product"}],"wp:featuredmedia":[{"embeddable":true,"href":"https:\/\/bizonfasteners.com\/pl\/wp-json\/wp\/v2\/media\/8192"}],"wp:attachment":[{"href":"https:\/\/bizonfasteners.com\/pl\/wp-json\/wp\/v2\/media?parent=8190"}],"curies":[{"name":"wp","href":"https:\/\/api.w.org\/{rel}","templated":true}]}}