{"id":8222,"date":"2021-04-16T19:53:09","date_gmt":"2021-04-16T17:53:09","guid":{"rendered":"https:\/\/bizonfasteners.com\/?post_type=product&#038;p=8222"},"modified":"2021-12-13T00:43:50","modified_gmt":"2021-12-12T23:43:50","slug":"sztyfty-z-lbem-typ-sk-da","status":"publish","type":"product","link":"https:\/\/bizonfasteners.com\/pl\/produkt\/sztyfty-z-lbem-typ-sk-da\/","title":{"rendered":"Sztyfty z \u0142bem typ: SK DA"},"content":{"rendered":"<p>Materia\u0142 \/ wykonanie:<br \/>\n&nbsp;&nbsp;&nbsp;&nbsp;&nbsp;&nbsp;<strong>NK<\/strong> \u2013 stal ocynkowana elektrolitycznie<br \/>\nD\u0142ugo\u015bci:<br \/>\n&nbsp;&nbsp;&nbsp;&nbsp;&nbsp;&nbsp;od <strong>32<\/strong> do <strong>63 mm<\/strong><\/p>\n","protected":false},"excerpt":{"rendered":"<p><strong>Sztyfty z \u0142bem typ: SK DA<\/strong><\/p>\n<p>Sztyfty SK DA po\u0142\u0105czone s\u0105 pakiety pod k\u0105tem 34 stopni do wbijania za pomoc\u0105 narz\u0119dzi pneumatycznych. Magazynek pod k\u0105tem umo\u017cliwia wygodny dost\u0119p do wbijania w naro\u017cnikach konstrukcji szkieletowych. G\u0142\u00f3wnie stosowane w budownictwie oraz produkcji opakowa\u0144.<\/p>\n","protected":false},"featured_media":8284,"template":"","meta":[],"_links":{"self":[{"href":"https:\/\/bizonfasteners.com\/pl\/wp-json\/wp\/v2\/product\/8222"}],"collection":[{"href":"https:\/\/bizonfasteners.com\/pl\/wp-json\/wp\/v2\/product"}],"about":[{"href":"https:\/\/bizonfasteners.com\/pl\/wp-json\/wp\/v2\/types\/product"}],"wp:featuredmedia":[{"embeddable":true,"href":"https:\/\/bizonfasteners.com\/pl\/wp-json\/wp\/v2\/media\/8284"}],"wp:attachment":[{"href":"https:\/\/bizonfasteners.com\/pl\/wp-json\/wp\/v2\/media?parent=8222"}],"curies":[{"name":"wp","href":"https:\/\/api.w.org\/{rel}","templated":true}]}}