{"id":7784,"date":"2021-03-26T11:20:56","date_gmt":"2021-03-26T10:20:56","guid":{"rendered":"https:\/\/bizonfasteners.com\/?page_id=7784"},"modified":"2023-04-04T13:05:26","modified_gmt":"2023-04-04T11:05:26","slug":"o-nas-2","status":"publish","type":"page","link":"https:\/\/bizonfasteners.com\/ro\/o-nas-2\/","title":{"rendered":"Despre noi"},"content":{"rendered":"<div class=\"vc_row wpb_row vc_row-fluid\"><div class=\"wpb_column vc_column_container vc_col-sm-12\"><div class=\"vc_column-inner\"><div class=\"wpb_wrapper\"><div class=\"vc_custom_heading text_align_left\" ><h2 style=\"text-align: left;font-family:Open Sans;font-weight:600;font-style:normal\" class=\"consulting-custom-title\">BIZON - un brand polonez care ofer\u0103 produse de calitate european\u0103<\/h2><\/div><\/div><\/div><\/div><\/div><div class=\"vc_row wpb_row vc_row-fluid\"><div class=\"wpb_column vc_column_container vc_col-sm-6 vc_col-lg-6 vc_col-md-12\"><div class=\"vc_column-inner\"><div class=\"wpb_wrapper\">\n\t<div class=\"wpb_text_column wpb_content_element  text-justify\" >\n\t\t<div class=\"wpb_wrapper\">\n\t\t\t<p>De peste treizeci de ani producem capse, cuie, \u0219uruburi \u0219i alte elemente de fixare, utilizate de profesioni\u0219tii din multe industrii, de la mobil\u0103, p\u00e2n\u0103 la prelucrarea lemnului pe scar\u0103 larg\u0103, p\u00e2n\u0103 la industria construc\u021biilor \u0219i auto.<\/p>\n<p class=\"translation-block\">Povestea noastr\u0103 a \u00eenceput \u00een 1985, c\u00e2nd fondatorul companiei, Piotr Komierowski, a deschis <strong>fabrica mecanic\u0103 BIZON<\/strong> din Var\u0219ovia \u0219i a \u00eenceput produc\u021bia de capse pentru birouri. Deja \u00een 1987, a fost necesar\u0103 extinderea semnificativ\u0103 a zonei de produc\u021bie \u0219i \u00eenceperea construc\u021biei unei hale \u00een Piaseczno. Pr\u0103bu\u0219irea Republicii Populare Poloneze \u0219i deschiderea frontierelor au permis companiei s\u0103 coopereze cu produc\u0103torul german de <strong>instrumente BeA<\/strong> \u0219i s\u0103 creeze <strong>compania BizeA<\/strong> , care a devenit singurul distribuitor pentru ambele companii din Europa Central\u0103 \u0219i de Est.<\/p>\n<p class=\"translation-block\">Anii urm\u0103tori au oferit posibilit\u0103\u021bi de dezvoltare dinamic\u0103 a m\u0103rcii <strong>BIZON.<\/strong> \u00cen 1992, a fost lansat\u0103 prima ma\u0219in\u0103 pentru producerea de capse din band\u0103, \u00een 1994 a fost lansat\u0103 prima pres\u0103 de mare vitez\u0103 pentru produc\u021bia de capse, iar \u00een 2005 - prima linie pentru lipirea benzii de capse.<\/p>\n\n\t\t<\/div>\n\t<\/div>\n<\/div><\/div><\/div><div class=\"wpb_column vc_column_container vc_col-sm-6 vc_col-lg-6 vc_col-md-12\"><div class=\"vc_column-inner vc_custom_1616776185448\"><div class=\"wpb_wrapper\">\n\t<div  class=\"wpb_single_image wpb_content_element vc_align_center   img-responsive\">\n\t\t\n\t\t<figure class=\"wpb_wrapper vc_figure\">\n\t\t\t<a data-rel=\"prettyPhoto[rel-7784-4234192187]\" href=\"https:\/\/bizonfasteners.com\/wp-content\/uploads\/2021\/03\/MN_BIZON_orig1-1024x758.jpg\" target=\"_self\" class=\"vc_single_image-wrapper   vc_box_border_grey prettyphoto\"><img width=\"1024\" height=\"758\" src=\"https:\/\/bizonfasteners.com\/wp-content\/uploads\/2021\/03\/MN_BIZON_orig1-1024x758.jpg\" class=\"vc_single_image-img attachment-large\" alt=\"Grafic\u0103, Autor: Marian Nowi\u0144ski 1990\" decoding=\"async\" loading=\"lazy\" srcset=\"https:\/\/bizonfasteners.com\/wp-content\/uploads\/2021\/03\/MN_BIZON_orig1-1024x758.jpg 1024w, https:\/\/bizonfasteners.com\/wp-content\/uploads\/2021\/03\/MN_BIZON_orig1-300x222.jpg 300w, https:\/\/bizonfasteners.com\/wp-content\/uploads\/2021\/03\/MN_BIZON_orig1-768x569.jpg 768w, https:\/\/bizonfasteners.com\/wp-content\/uploads\/2021\/03\/MN_BIZON_orig1-900x666.jpg 900w, https:\/\/bizonfasteners.com\/wp-content\/uploads\/2021\/03\/MN_BIZON_orig1-500x370.jpg 500w, https:\/\/bizonfasteners.com\/wp-content\/uploads\/2021\/03\/MN_BIZON_orig1-64x47.jpg 64w, https:\/\/bizonfasteners.com\/wp-content\/uploads\/2021\/03\/MN_BIZON_orig1.jpg 1140w\" sizes=\"(max-width: 1024px) 100vw, 1024px\" \/><\/a><figcaption class=\"vc_figure-caption\">Grafic\u0103, Autor: Marian Nowi\u0144ski 1990<\/figcaption>\n\t\t<\/figure>\n\t<\/div>\n<\/div><\/div><\/div><\/div><div class=\"vc_row wpb_row vc_row-fluid vc_custom_1617199728842\"><div class=\"wpb_column vc_column_container vc_col-sm-12\"><div class=\"vc_column-inner\"><div class=\"wpb_wrapper\">\n\t<div class=\"wpb_text_column wpb_content_element\" >\n\t\t<div class=\"wpb_wrapper\">\n\t\t\t<p>\u00cen 2008, cererea de pe pia\u021b\u0103 a determinat compania noastr\u0103 s\u0103-\u0219i extind\u0103 activit\u0103\u021bile la produc\u021bia de cuie \u0219i doar un an mai t\u00e2rziu - la produc\u021bia de s\u00e2rm\u0103. Datorit\u0103 acestui fapt, am c\u00e2\u0219tigat controlul asupra \u00eentregului proces de fabricare a elementelor de fixare, de la producerea de s\u00e2rm\u0103 din materii prime metalurgice, p\u00e2n\u0103 la producerea de capse, \u0219tifturi \u0219i cuie. Schimb\u0103rile ulterioare, introducerea de noi tehnologii \u0219i produse au adus, de asemenea, o schimbare la sediul companiei, care a devenit Tomice. Acolo au fost construite alte hale de produc\u021bie \u0219i depozit. Un set de facilit\u0103\u021bi de produc\u021bie \u0219i depozitare, proiectat de la zero, ma\u0219ini moderne, tehnologie de produc\u021bie inovatoare \u0219i un echipaj dinamic \u0219i angajat garanteaz\u0103 func\u021bionarea eficient\u0103 a produc\u021biei, service-ului \u0219i distribu\u021biei.<\/p>\n\n\t\t<\/div>\n\t<\/div>\n<\/div><\/div><\/div><\/div><div class=\"vc_row wpb_row vc_row-fluid\"><div class=\"wpb_column vc_column_container vc_col-sm-12\"><div class=\"vc_column-inner\"><div class=\"wpb_wrapper\"><div class=\"vc_empty_space\"   style=\"height: 32px\"><span class=\"vc_empty_space_inner\"><\/span><\/div><\/div><\/div><\/div><\/div><div class=\"vc_row wpb_row vc_row-fluid\"><div class=\"wpb_column vc_column_container vc_col-sm-12\"><div class=\"vc_column-inner\"><div class=\"wpb_wrapper\"><div class=\"vc_custom_heading text_align_left\" ><h2 style=\"text-align: left;font-family:Open Sans;font-weight:600;font-style:normal\" class=\"consulting-custom-title\">Calitate european\u0103. Livrare rapida.<\/h2><\/div><\/div><\/div><\/div><\/div><div class=\"vc_row wpb_row vc_row-fluid\"><div class=\"wpb_column vc_column_container vc_col-sm-12\"><div class=\"vc_column-inner\"><div class=\"wpb_wrapper\">\n\t<div class=\"wpb_text_column wpb_content_element  text-justify\" >\n\t\t<div class=\"wpb_wrapper\">\n\t\t\t<p class=\"translation-block\"><strong>Ast\u0103zi, BIZON<\/strong> este cel mai mare produc\u0103tor european de capse, care stabile\u0219te noi standarde prin aplicarea de solu\u021bii inovatoare de produc\u021bie \u0219i tehnologice. Datorit\u0103 acestui fapt, clien\u021bii no\u0219tri primesc bunuri imediat, \u00eentotdeauna la timp \u0219i cel mai important - de cea mai \u00eenalt\u0103 calitate.<\/p>\n<p>Elementele noastre de fixare pot fi g\u0103site \u00een produse aproape \u00een \u00eentreaga lume.<\/p>\n\n\t\t<\/div>\n\t<\/div>\n\n\t<div  class=\"wpb_single_image wpb_content_element vc_align_left   img-responsive\">\n\t\t\n\t\t<figure class=\"wpb_wrapper vc_figure\">\n\t\t\t<div class=\"vc_single_image-wrapper   vc_box_border_grey\"><img width=\"1920\" height=\"451\" src=\"https:\/\/bizonfasteners.com\/wp-content\/uploads\/2021\/04\/el_zlaczne_onas.jpg\" class=\"vc_single_image-img attachment-full\" alt=\"\" decoding=\"async\" loading=\"lazy\" srcset=\"https:\/\/bizonfasteners.com\/wp-content\/uploads\/2021\/04\/el_zlaczne_onas.jpg 1920w, https:\/\/bizonfasteners.com\/wp-content\/uploads\/2021\/04\/el_zlaczne_onas-300x70.jpg 300w, https:\/\/bizonfasteners.com\/wp-content\/uploads\/2021\/04\/el_zlaczne_onas-1024x241.jpg 1024w, https:\/\/bizonfasteners.com\/wp-content\/uploads\/2021\/04\/el_zlaczne_onas-768x180.jpg 768w, https:\/\/bizonfasteners.com\/wp-content\/uploads\/2021\/04\/el_zlaczne_onas-1536x361.jpg 1536w, https:\/\/bizonfasteners.com\/wp-content\/uploads\/2021\/04\/el_zlaczne_onas-16x4.jpg 16w, https:\/\/bizonfasteners.com\/wp-content\/uploads\/2021\/04\/el_zlaczne_onas-900x211.jpg 900w, https:\/\/bizonfasteners.com\/wp-content\/uploads\/2021\/04\/el_zlaczne_onas-500x117.jpg 500w, https:\/\/bizonfasteners.com\/wp-content\/uploads\/2021\/04\/el_zlaczne_onas-64x15.jpg 64w\" sizes=\"(max-width: 1920px) 100vw, 1920px\" \/><\/div>\n\t\t<\/figure>\n\t<\/div>\n\n\t<div  class=\"wpb_single_image wpb_content_element vc_align_left   img-responsive\">\n\t\t\n\t\t<figure class=\"wpb_wrapper vc_figure\">\n\t\t\t<div class=\"vc_single_image-wrapper   vc_box_border_grey\"><img width=\"1920\" height=\"785\" src=\"https:\/\/bizonfasteners.com\/wp-content\/uploads\/2019\/09\/bizon_o_nas_2023.jpg\" class=\"vc_single_image-img attachment-full\" alt=\"Siedziba firmy - zdj\u0119cie\" decoding=\"async\" loading=\"lazy\" srcset=\"https:\/\/bizonfasteners.com\/wp-content\/uploads\/2019\/09\/bizon_o_nas_2023.jpg 1920w, https:\/\/bizonfasteners.com\/wp-content\/uploads\/2019\/09\/bizon_o_nas_2023-300x123.jpg 300w, https:\/\/bizonfasteners.com\/wp-content\/uploads\/2019\/09\/bizon_o_nas_2023-1024x419.jpg 1024w, https:\/\/bizonfasteners.com\/wp-content\/uploads\/2019\/09\/bizon_o_nas_2023-768x314.jpg 768w, https:\/\/bizonfasteners.com\/wp-content\/uploads\/2019\/09\/bizon_o_nas_2023-1536x628.jpg 1536w, https:\/\/bizonfasteners.com\/wp-content\/uploads\/2019\/09\/bizon_o_nas_2023-16x7.jpg 16w, https:\/\/bizonfasteners.com\/wp-content\/uploads\/2019\/09\/bizon_o_nas_2023-900x368.jpg 900w, https:\/\/bizonfasteners.com\/wp-content\/uploads\/2019\/09\/bizon_o_nas_2023-500x204.jpg 500w, https:\/\/bizonfasteners.com\/wp-content\/uploads\/2019\/09\/bizon_o_nas_2023-64x26.jpg 64w\" sizes=\"(max-width: 1920px) 100vw, 1920px\" \/><\/div>\n\t\t<\/figure>\n\t<\/div>\n<\/div><\/div><\/div><\/div>","protected":false},"excerpt":{"rendered":"BIZON - un brand polonez care ofer\u0103 produse de calitate european\u0103. De peste treizeci de ani producem capse, cuie, \u0219uruburi \u0219i alte elemente de fixare, utilizate de profesioni\u0219ti din multe industrii, de la mobil\u0103, prin prelucrarea lemnului pe scar\u0103 larg\u0103, la construc\u021bii \u0219i industria auto. istoria a \u00eenceput \u00een 1985, c\u00e2nd fondatorul companiei, Piotr Komierowski a deschis la Var\u0219ovia","protected":false},"author":1,"featured_media":0,"parent":0,"menu_order":0,"comment_status":"closed","ping_status":"closed","template":"","meta":[],"_links":{"self":[{"href":"https:\/\/bizonfasteners.com\/ro\/wp-json\/wp\/v2\/pages\/7784"}],"collection":[{"href":"https:\/\/bizonfasteners.com\/ro\/wp-json\/wp\/v2\/pages"}],"about":[{"href":"https:\/\/bizonfasteners.com\/ro\/wp-json\/wp\/v2\/types\/page"}],"author":[{"embeddable":true,"href":"https:\/\/bizonfasteners.com\/ro\/wp-json\/wp\/v2\/users\/1"}],"replies":[{"embeddable":true,"href":"https:\/\/bizonfasteners.com\/ro\/wp-json\/wp\/v2\/comments?post=7784"}],"version-history":[{"count":53,"href":"https:\/\/bizonfasteners.com\/ro\/wp-json\/wp\/v2\/pages\/7784\/revisions"}],"predecessor-version":[{"id":8297,"href":"https:\/\/bizonfasteners.com\/ro\/wp-json\/wp\/v2\/pages\/7784\/revisions\/8297"}],"wp:attachment":[{"href":"https:\/\/bizonfasteners.com\/ro\/wp-json\/wp\/v2\/media?parent=7784"}],"curies":[{"name":"wp","href":"https:\/\/api.w.org\/{rel}","templated":true}]}}