{"id":7325,"date":"2021-03-10T12:42:13","date_gmt":"2021-03-10T11:42:13","guid":{"rendered":"https:\/\/bizonfasteners.com\/?post_type=product&#038;p=7325"},"modified":"2021-04-26T17:36:21","modified_gmt":"2021-04-26T15:36:21","slug":"zszywki-tapicerskie-typ-95","status":"publish","type":"product","link":"https:\/\/bizonfasteners.com\/ro\/produs\/zszywki-tapicerskie-typ-95\/","title":{"rendered":"Tip 95 capse de tapi\u021berie"},"content":{"rendered":"<p>Lungimi: 6, 8, 10, 12, 14, 16, mm<\/p>\n<p>Material:<\/p>\n<ul>\n<li>o\u021bel electro-zincat de calitate<\/li>\n<li><strong>NR<\/strong>\u00a0- o\u021bel inoxidabil 1.4301 \u00een clasa A2 sau 1.4401 \u00een clasa A4<\/li>\n<\/ul>\n<p>Versiuni speciale:<\/p>\n<p>- pictat \u00een negru sau \u00een orice culoare de RAL<\/p>","protected":false},"excerpt":{"rendered":"<p><strong>Tip 95 capse de tapi\u021berie<\/strong><\/p>\n<p>Datorit\u0103 coloanei vertebrale largi, capsele sunt recomandate \u00een special pentru fixarea foliei sau h\u00e2rtiei \u00een produc\u021bia de ambalaje din lemn. Este perfect pentru fixarea foliei, izolarea h\u00e2rtiei de gudron \u00een construc\u021bii \u0219i a majorit\u0103\u021bii lucr\u0103rilor legate de ambalarea din carton \u0219i decora\u021biunile cl\u0103dirilor.<\/p>","protected":false},"featured_media":7716,"template":"","meta":[],"_links":{"self":[{"href":"https:\/\/bizonfasteners.com\/ro\/wp-json\/wp\/v2\/product\/7325"}],"collection":[{"href":"https:\/\/bizonfasteners.com\/ro\/wp-json\/wp\/v2\/product"}],"about":[{"href":"https:\/\/bizonfasteners.com\/ro\/wp-json\/wp\/v2\/types\/product"}],"wp:featuredmedia":[{"embeddable":true,"href":"https:\/\/bizonfasteners.com\/ro\/wp-json\/wp\/v2\/media\/7716"}],"wp:attachment":[{"href":"https:\/\/bizonfasteners.com\/ro\/wp-json\/wp\/v2\/media?parent=7325"}],"curies":[{"name":"wp","href":"https:\/\/api.w.org\/{rel}","templated":true}]}}