{"id":7382,"date":"2021-03-11T20:37:22","date_gmt":"2021-03-11T19:37:22","guid":{"rendered":"https:\/\/bizonfasteners.com\/?post_type=product&#038;p=7382"},"modified":"2021-04-26T17:32:24","modified_gmt":"2021-04-26T15:32:24","slug":"zszywki-do-chodakow-typ-d","status":"publish","type":"product","link":"https:\/\/bizonfasteners.com\/ro\/produs\/zszywki-do-chodakow-typ-d\/","title":{"rendered":"Capse pentru sabo\u021bi tip D"},"content":{"rendered":"<p>Lungimi: 16, 19, 22 mm<\/p>\n<p>Material: o\u021bel electro-galvanizat de calitate<\/p>\n<p>Versiuni speciale:<\/p>\n<p>- vopsit \u00een negru sau alb<\/p>","protected":false},"excerpt":{"rendered":"<p><strong>Capse pentru sabo\u021bi tip D<\/strong><\/p>\n<p>Dedicat produc\u021biei de sabo\u021bi din lemn. Echivalent cu 780 de baz\u0103 Khilberg cunoscut \u00een principal \u00een \u021b\u0103rile scandinave.<\/p>","protected":false},"featured_media":7720,"template":"","meta":[],"_links":{"self":[{"href":"https:\/\/bizonfasteners.com\/ro\/wp-json\/wp\/v2\/product\/7382"}],"collection":[{"href":"https:\/\/bizonfasteners.com\/ro\/wp-json\/wp\/v2\/product"}],"about":[{"href":"https:\/\/bizonfasteners.com\/ro\/wp-json\/wp\/v2\/types\/product"}],"wp:featuredmedia":[{"embeddable":true,"href":"https:\/\/bizonfasteners.com\/ro\/wp-json\/wp\/v2\/media\/7720"}],"wp:attachment":[{"href":"https:\/\/bizonfasteners.com\/ro\/wp-json\/wp\/v2\/media?parent=7382"}],"curies":[{"name":"wp","href":"https:\/\/api.w.org\/{rel}","templated":true}]}}