{"id":7394,"date":"2021-03-11T20:50:11","date_gmt":"2021-03-11T19:50:11","guid":{"rendered":"https:\/\/bizonfasteners.com\/?post_type=product&#038;p=7394"},"modified":"2021-04-26T17:09:43","modified_gmt":"2021-04-26T15:09:43","slug":"zszywki-stolarskie-typ-94","status":"publish","type":"product","link":"https:\/\/bizonfasteners.com\/ro\/produs\/zszywki-stolarskie-typ-94\/","title":{"rendered":"Capse de dulgher tip 94"},"content":{"rendered":"<p>Lungime: 15, 18, 21, 25, 30, 32, mm<\/p>\n<p>Material:<\/p>\n<ul>\n<li>o\u021bel zincat electrolitic de calitate, acoperit cu r\u0103\u0219in\u0103<\/li>\n<li><strong>AL<\/strong>\u00a0- aluminiu<\/li>\n<li>\u00a0<strong>NR<\/strong>\u00a0- o\u021bel inoxidabil 1.4301 clasa A2 sau 1.4401 clasa A4<\/li>\n<\/ul>\n<p>&nbsp;<\/p>","protected":false},"excerpt":{"rendered":"<p><strong>Capse de dulgher tip 94<\/strong><\/p>\n<p>Capse destinate produc\u021biei de ambalaje din lemn, structuri de construc\u021bii, precum \u0219i t\u00e2mpl\u0103rie general\u0103. L\u0103\u021bime \u00eenapoi pentru o mai bun\u0103 \u021binere pe panouri de fibr\u0103 \u0219i carton. Respectarea standardului PN-EN 14592 (EC 5) pentru structurile de construc\u021bii din lemn.<\/p>","protected":false},"featured_media":7731,"template":"","meta":[],"_links":{"self":[{"href":"https:\/\/bizonfasteners.com\/ro\/wp-json\/wp\/v2\/product\/7394"}],"collection":[{"href":"https:\/\/bizonfasteners.com\/ro\/wp-json\/wp\/v2\/product"}],"about":[{"href":"https:\/\/bizonfasteners.com\/ro\/wp-json\/wp\/v2\/types\/product"}],"wp:featuredmedia":[{"embeddable":true,"href":"https:\/\/bizonfasteners.com\/ro\/wp-json\/wp\/v2\/media\/7731"}],"wp:attachment":[{"href":"https:\/\/bizonfasteners.com\/ro\/wp-json\/wp\/v2\/media?parent=7394"}],"curies":[{"name":"wp","href":"https:\/\/api.w.org\/{rel}","templated":true}]}}