{"id":7398,"date":"2021-03-11T20:58:10","date_gmt":"2021-03-11T19:58:10","guid":{"rendered":"https:\/\/bizonfasteners.com\/?post_type=product&#038;p=7398"},"modified":"2021-04-26T17:02:59","modified_gmt":"2021-04-26T15:02:59","slug":"zszywki-stolarskie-typ-180","status":"publish","type":"product","link":"https:\/\/bizonfasteners.com\/ro\/produs\/zszywki-stolarskie-typ-180\/","title":{"rendered":"Capse de dulgher tip 180"},"content":{"rendered":"<p>Lungimi: 40, 45, 50, 55, 60, 65, 80, 90 mm<\/p>\n<p>Material:<\/p>\n<p>- <strong>NK<\/strong> - o\u021bel electro-galvanizat de calitate, acoperit cu r\u0103\u0219in\u0103<\/p>\n<p>-\u00a0<strong>NR<\/strong> - o\u021bel inoxidabil 1.4301 (304), clasa A2<\/p>","protected":false},"excerpt":{"rendered":"<p><strong>Capse de dulgher tip 180<\/strong><\/p>\n<p>Capse de t\u00e2mpl\u0103rie, utilizate \u00een principal la producerea structurilor de construc\u021bii, precum \u0219i a ambalajelor din lemn. Conexiune structural\u0103 puternic\u0103. Respectarea standardului PN-EN 14592 (EC 5) pentru structurile de construc\u021bii din lemn.<\/p>","protected":false},"featured_media":7734,"template":"","meta":[],"_links":{"self":[{"href":"https:\/\/bizonfasteners.com\/ro\/wp-json\/wp\/v2\/product\/7398"}],"collection":[{"href":"https:\/\/bizonfasteners.com\/ro\/wp-json\/wp\/v2\/product"}],"about":[{"href":"https:\/\/bizonfasteners.com\/ro\/wp-json\/wp\/v2\/types\/product"}],"wp:featuredmedia":[{"embeddable":true,"href":"https:\/\/bizonfasteners.com\/ro\/wp-json\/wp\/v2\/media\/7734"}],"wp:attachment":[{"href":"https:\/\/bizonfasteners.com\/ro\/wp-json\/wp\/v2\/media?parent=7398"}],"curies":[{"name":"wp","href":"https:\/\/api.w.org\/{rel}","templated":true}]}}