{"id":7400,"date":"2021-03-11T21:00:12","date_gmt":"2021-03-11T20:00:12","guid":{"rendered":"https:\/\/bizonfasteners.com\/?post_type=product&#038;p=7400"},"modified":"2021-04-26T16:57:54","modified_gmt":"2021-04-26T14:57:54","slug":"zszywki-do-kartonu-typ-packfix-a-35","status":"publish","type":"product","link":"https:\/\/bizonfasteners.com\/ro\/produs\/zszywki-do-kartonu-typ-packfix-a-35\/","title":{"rendered":"Capse pentru carton, tip Packfix A 35"},"content":{"rendered":"<p>Lungimi: 15, 18, 22 mm<\/p>\n<p>Material: o\u021bel electro-galvanizat de calitate \u0219i acoperit cu r\u0103\u0219in\u0103<\/p>","protected":false},"excerpt":{"rendered":"<p><strong>Capse pentru carton, tip Packfix A 35<\/strong><\/p>\n<p>Capse pentru \u00eenchiderea ambalajelor din carton ondulat. \u00cenchiderea cutiei de carton cu capse asigur\u0103 o conexiune optim\u0103 \u0219i, \u00een acela\u0219i timp, serve\u0219te drept sigiliu, deschiderea cutiei las\u00e2nd daune vizibile.<\/p>","protected":false},"featured_media":7727,"template":"","meta":[],"_links":{"self":[{"href":"https:\/\/bizonfasteners.com\/ro\/wp-json\/wp\/v2\/product\/7400"}],"collection":[{"href":"https:\/\/bizonfasteners.com\/ro\/wp-json\/wp\/v2\/product"}],"about":[{"href":"https:\/\/bizonfasteners.com\/ro\/wp-json\/wp\/v2\/types\/product"}],"wp:featuredmedia":[{"embeddable":true,"href":"https:\/\/bizonfasteners.com\/ro\/wp-json\/wp\/v2\/media\/7727"}],"wp:attachment":[{"href":"https:\/\/bizonfasteners.com\/ro\/wp-json\/wp\/v2\/media?parent=7400"}],"curies":[{"name":"wp","href":"https:\/\/api.w.org\/{rel}","templated":true}]}}