{"id":7684,"date":"2021-03-18T12:34:07","date_gmt":"2021-03-18T11:34:07","guid":{"rendered":"https:\/\/bizonfasteners.com\/?post_type=product&#038;p=7684"},"modified":"2021-04-27T16:47:54","modified_gmt":"2021-04-27T14:47:54","slug":"zlacza-dwuteowe-zd","status":"publish","type":"product","link":"https:\/\/bizonfasteners.com\/ro\/produs\/zlacza-dwuteowe-zd\/","title":{"rendered":"Cuplaje I-T ZD"},"content":{"rendered":"<p><strong>Cuplaje I-T ZD<\/strong><\/p>\n<p>Producem ZD \u00een dou\u0103 l\u0103\u021bimi: 16 \u0219i 17 mm<\/p>\n<p>lungime:<\/p>\n<p>39, 51, 64, 76, 88, 101, 112, 125 mm<br \/>\n1,5 &quot;, 2&quot;, 2,5 &quot;, 3&quot;, 3,5 &quot;, 4&quot;, 4,5 &quot;, 5&quot;<\/p>","protected":false},"excerpt":{"rendered":"<p><strong>Cuplaje I-T ZD pentru conexiuni unghiulare ale pl\u0103cilor<\/strong><\/p>\n<p>Cel mai des folosit de produc\u0103torii de sicrie. Am rafinat construc\u021bia conectorului ZD, care \u00ee\u0219i \u00eendepline\u0219te perfect sarcina, adic\u0103<\/p>\n<p class=\"translation-block\">- poate fi u\u0219or cioc\u0103nit \u00een orice tip de lemn<br> - trage perfect pl\u0103cile de \u00eembinat - form\u0103 \u0219i extensie conic\u0103 (extensie suplimentar\u0103 la sec\u021biunea ini\u021bial\u0103 a \u00eembin\u0103rii)<br> - creeaz\u0103 o conexiune unghiular\u0103 puternic\u0103, durabil\u0103 \u0219i invizibil\u0103<\/p>","protected":false},"featured_media":7690,"template":"","meta":[],"_links":{"self":[{"href":"https:\/\/bizonfasteners.com\/ro\/wp-json\/wp\/v2\/product\/7684"}],"collection":[{"href":"https:\/\/bizonfasteners.com\/ro\/wp-json\/wp\/v2\/product"}],"about":[{"href":"https:\/\/bizonfasteners.com\/ro\/wp-json\/wp\/v2\/types\/product"}],"wp:featuredmedia":[{"embeddable":true,"href":"https:\/\/bizonfasteners.com\/ro\/wp-json\/wp\/v2\/media\/7690"}],"wp:attachment":[{"href":"https:\/\/bizonfasteners.com\/ro\/wp-json\/wp\/v2\/media?parent=7684"}],"curies":[{"name":"wp","href":"https:\/\/api.w.org\/{rel}","templated":true}]}}