{"id":7710,"date":"2021-03-19T18:37:44","date_gmt":"2021-03-19T17:37:44","guid":{"rendered":"https:\/\/bizonfasteners.com\/?post_type=product&#038;p=7710"},"modified":"2021-04-27T16:54:24","modified_gmt":"2021-04-27T14:54:24","slug":"zszywki-do-mocowania-ocieplen-scian-typ-246","status":"publish","type":"product","link":"https:\/\/bizonfasteners.com\/ro\/produs\/zszywki-do-mocowania-ocieplen-scian-typ-246\/","title":{"rendered":"Capse pentru fixarea izola\u021biei pere\u021bilor, tip 246"},"content":{"rendered":"<p>Lungimi de la 75 la 160 mm<\/p>\n<p>Material:<\/p>\n<ul>\n<li>o\u021bel zincat electrolitic de calitate, acoperit cu r\u0103\u0219in\u0103<\/li>\n<li><strong>NR<\/strong> - o\u021bel inoxidabil, clasa 1.4401 (316) \u00een clasa A4 \u0219i clasa 1.4301 (304) \u00een clasa A2.<\/li>\n<\/ul>\n<p>&nbsp;<\/p>","protected":false},"excerpt":{"rendered":"<p><strong>Capse pentru fixarea izola\u021biei pere\u021bilor, tip 246<\/strong><\/p>\n<p>Capse de construc\u021bie, utilizate \u00een principal pentru instalarea pl\u0103cilor de izolare a pere\u021bilor casei \u00een construc\u021bia unui cadru din lemn.<\/p>\n<p>Capsele sunt par\u021bial introduse \u00een OSB sau lemn, restul este \u00eentr-o plac\u0103 moale sau vat\u0103 mineral\u0103. Spatele larg faciliteaz\u0103 o bun\u0103 aderen\u021b\u0103.<\/p>","protected":false},"featured_media":7711,"template":"","meta":[],"_links":{"self":[{"href":"https:\/\/bizonfasteners.com\/ro\/wp-json\/wp\/v2\/product\/7710"}],"collection":[{"href":"https:\/\/bizonfasteners.com\/ro\/wp-json\/wp\/v2\/product"}],"about":[{"href":"https:\/\/bizonfasteners.com\/ro\/wp-json\/wp\/v2\/types\/product"}],"wp:featuredmedia":[{"embeddable":true,"href":"https:\/\/bizonfasteners.com\/ro\/wp-json\/wp\/v2\/media\/7711"}],"wp:attachment":[{"href":"https:\/\/bizonfasteners.com\/ro\/wp-json\/wp\/v2\/media?parent=7710"}],"curies":[{"name":"wp","href":"https:\/\/api.w.org\/{rel}","templated":true}]}}