{"id":8150,"date":"2021-04-09T16:28:54","date_gmt":"2021-04-09T14:28:54","guid":{"rendered":"https:\/\/bizonfasteners.com\/?post_type=product&#038;p=8150"},"modified":"2021-04-09T16:28:55","modified_gmt":"2021-04-09T14:28:55","slug":"gwozdzie-bdc-ring","status":"publish","type":"product","link":"https:\/\/bizonfasteners.com\/ro\/produs\/gwozdzie-bdc-ring\/","title":{"rendered":"BDC RING cuie"},"content":{"rendered":"<p><strong>RING - <\/strong>inel laminat miez<br \/>\nLama standard<strong> sau contondent (BP)<\/strong><br \/>\nMaterial \/ manopera:<br \/>\n<strong>\u00a0 \u00a0 \u00a0BK<\/strong> - o\u021bel gol<br \/>\n<strong>\u00a0 \u00a0 \u00a0NK<\/strong> - o\u021bel galvanizat<br \/>\n<strong>\u00a0 \u00a0 \u00a0NR<\/strong> - o\u021bel inoxidabil, grad 304 sau 316<br \/>\nDiametre \/ lungimi:<br \/>\n<strong>\u00a0 \u00a0 \u00a02,1<\/strong> (2,3) \/ de la <strong>22 p\u00e2n\u0103 la 55 mm<\/strong> \/ num\u0103rul de cuie \u00eentr-o bobin\u0103 300 de buc\u0103\u021bi<br \/>\n<strong>\u00a0 \u00a0 \u00a02,5<\/strong> mm \/ de la <strong>30 p\u00e2n\u0103 la 75 mm<\/strong> \/ num\u0103rul de cuie \u00eentr-o bobin\u0103 300 de buc\u0103\u021bi<br \/>\n<strong>\u00a0 \u00a0 \u00a02,8<\/strong> (2,7) \/ de la <strong>60-90<\/strong> mm \/ num\u0103rul de cuie \u00eentr-o bobin\u0103 250 buc<br \/>\n<strong>\u00a0 \u00a0 \u00a03,1<\/strong> (3.3) \/ din <strong>60 la 100<\/strong> mm \/ num\u0103rul de cuie \u00eentr-o bobin\u0103 200 buc<\/p>","protected":false},"excerpt":{"rendered":"<p><strong>BDC RING cuie<\/strong><\/p>\n<p>Cuie \u00eenf\u0103\u0219urate conectate prin s\u00e2rm\u0103, pentru a fi introduse cu scule cu o magazie cu tambur.<\/p>","protected":false},"featured_media":8152,"template":"","meta":[],"_links":{"self":[{"href":"https:\/\/bizonfasteners.com\/ro\/wp-json\/wp\/v2\/product\/8150"}],"collection":[{"href":"https:\/\/bizonfasteners.com\/ro\/wp-json\/wp\/v2\/product"}],"about":[{"href":"https:\/\/bizonfasteners.com\/ro\/wp-json\/wp\/v2\/types\/product"}],"wp:featuredmedia":[{"embeddable":true,"href":"https:\/\/bizonfasteners.com\/ro\/wp-json\/wp\/v2\/media\/8152"}],"wp:attachment":[{"href":"https:\/\/bizonfasteners.com\/ro\/wp-json\/wp\/v2\/media?parent=8150"}],"curies":[{"name":"wp","href":"https:\/\/api.w.org\/{rel}","templated":true}]}}