{"id":8155,"date":"2021-04-09T16:35:06","date_gmt":"2021-04-09T14:35:06","guid":{"rendered":"https:\/\/bizonfasteners.com\/?post_type=product&#038;p=8155"},"modified":"2021-04-10T12:27:06","modified_gmt":"2021-04-10T10:27:06","slug":"gwozdzie-bdc-sm","status":"publish","type":"product","link":"https:\/\/bizonfasteners.com\/ro\/produs\/gwozdzie-bdc-sm\/","title":{"rendered":"Cuie BDC SM"},"content":{"rendered":"<p><strong>SM - <\/strong>miez laminat neted<br \/>\nLama standard sau t\u0103ietur\u0103 te\u0219it\u0103 (Clinch)<br \/>\nMaterial \/ manopera:<br \/>\n<strong>\u00a0 \u00a0 \u00a0BK<\/strong> - o\u021bel gol<br \/>\n<strong>\u00a0 \u00a0 \u00a0NK<\/strong> - o\u021bel galvanizat<br \/>\n<strong>\u00a0 \u00a0 \u00a0NR<\/strong> - o\u021bel inoxidabil, grad 304 sau 316<br \/>\nDiametre \/ lungimi:<br \/>\n<strong>\u00a0 \u00a0 \u00a02,1<\/strong> (2,3) \/ de la <strong>22 p\u00e2n\u0103 la 55 mm<\/strong> \/ num\u0103rul de cuie \u00eentr-o bobin\u0103 300 de buc\u0103\u021bi<br \/>\n<strong>\u00a0 \u00a0 \u00a02,5<\/strong> mm \/ de la <strong>30 p\u00e2n\u0103 la 75 mm<\/strong> \/ num\u0103rul de cuie \u00eentr-o bobin\u0103 300 de buc\u0103\u021bi<br \/>\n<strong>\u00a0 \u00a0 \u00a02,8<\/strong> (2,7) \/ de la <strong>60-90<\/strong> mm \/ num\u0103rul de cuie \u00eentr-o bobin\u0103 250 buc<br \/>\n<strong>\u00a0 \u00a0 \u00a03,1<\/strong> (3.3) \/ din <strong>60 la 130<\/strong> mm \/ num\u0103rul de cuie \u00eentr-o bobin\u0103 200 buc<\/p>","protected":false},"excerpt":{"rendered":"<p><strong>Cuie BDC SM<\/strong><\/p>\n<p>Cuie \u00eenf\u0103\u0219urate conectate prin s\u00e2rm\u0103, pentru a fi introduse cu scule cu o magazie cu tambur.<\/p>","protected":false},"featured_media":8154,"template":"","meta":[],"_links":{"self":[{"href":"https:\/\/bizonfasteners.com\/ro\/wp-json\/wp\/v2\/product\/8155"}],"collection":[{"href":"https:\/\/bizonfasteners.com\/ro\/wp-json\/wp\/v2\/product"}],"about":[{"href":"https:\/\/bizonfasteners.com\/ro\/wp-json\/wp\/v2\/types\/product"}],"wp:featuredmedia":[{"embeddable":true,"href":"https:\/\/bizonfasteners.com\/ro\/wp-json\/wp\/v2\/media\/8154"}],"wp:attachment":[{"href":"https:\/\/bizonfasteners.com\/ro\/wp-json\/wp\/v2\/media?parent=8155"}],"curies":[{"name":"wp","href":"https:\/\/api.w.org\/{rel}","templated":true}]}}