{"id":8156,"date":"2021-04-09T16:40:49","date_gmt":"2021-04-09T14:40:49","guid":{"rendered":"https:\/\/bizonfasteners.com\/?post_type=product&#038;p=8156"},"modified":"2021-04-09T16:40:49","modified_gmt":"2021-04-09T14:40:49","slug":"gwozdzie-bdc-sc","status":"publish","type":"product","link":"https:\/\/bizonfasteners.com\/ro\/produs\/gwozdzie-bdc-sc\/","title":{"rendered":"Cuie BDC SC"},"content":{"rendered":"<p><strong>SC - <\/strong>miez laminat de torsiune (\u0219urub)<br \/>\nLama standard sau bont oblic (BP)<br \/>\nMaterial \/ manopera:<br \/>\n<strong>BK<\/strong> - o\u021bel gol<br \/>\n<strong>NK<\/strong> - o\u021bel galvanizat<br \/>\n<strong>NR<\/strong> - o\u021bel inoxidabil, grad 304 sau 316<br \/>\nDiametre \/ lungimi:<br \/>\n<strong>2,1<\/strong> (2,3) \/ de la <strong>22 p\u00e2n\u0103 la 55 mm<\/strong> \/ num\u0103rul de cuie \u00eentr-o bobin\u0103 300 de buc\u0103\u021bi<br \/>\n<strong>2,5<\/strong> mm \/ de la <strong>30 p\u00e2n\u0103 la 75 mm<\/strong> \/ num\u0103rul de cuie \u00eentr-o bobin\u0103 300 de buc\u0103\u021bi<br \/>\n<strong>2,8<\/strong> (2,7) \/ de la <strong>60-90<\/strong> mm \/ num\u0103rul de cuie \u00eentr-o bobin\u0103 250 buc<br \/>\n<strong>3,1<\/strong> (3.3) \/ din <strong>60 la 130<\/strong> mm \/ num\u0103rul de cuie \u00eentr-o bobin\u0103 200 buc<\/p>","protected":false},"excerpt":{"rendered":"<p><strong>Cuie BDC SC<\/strong><\/p>\n<p>Cuie \u00eenf\u0103\u0219urate conectate prin s\u00e2rm\u0103, pentru a fi introduse cu scule cu o magazie cu tambur.<\/p>","protected":false},"featured_media":8153,"template":"","meta":[],"_links":{"self":[{"href":"https:\/\/bizonfasteners.com\/ro\/wp-json\/wp\/v2\/product\/8156"}],"collection":[{"href":"https:\/\/bizonfasteners.com\/ro\/wp-json\/wp\/v2\/product"}],"about":[{"href":"https:\/\/bizonfasteners.com\/ro\/wp-json\/wp\/v2\/types\/product"}],"wp:featuredmedia":[{"embeddable":true,"href":"https:\/\/bizonfasteners.com\/ro\/wp-json\/wp\/v2\/media\/8153"}],"wp:attachment":[{"href":"https:\/\/bizonfasteners.com\/ro\/wp-json\/wp\/v2\/media?parent=8156"}],"curies":[{"name":"wp","href":"https:\/\/api.w.org\/{rel}","templated":true}]}}