{"id":8157,"date":"2021-04-09T16:44:29","date_gmt":"2021-04-09T14:44:29","guid":{"rendered":"https:\/\/bizonfasteners.com\/?post_type=product&#038;p=8157"},"modified":"2021-04-12T13:59:27","modified_gmt":"2021-04-12T11:59:27","slug":"gwozdzie-bdc-jumbo","status":"publish","type":"product","link":"https:\/\/bizonfasteners.com\/ro\/produs\/gwozdzie-bdc-jumbo\/","title":{"rendered":"BDC JUMBO cuie"},"content":{"rendered":"<p>Material, manopera ca pentru bobinele BDC standard<br \/>\nDiametre \/ lungimi \/ num\u0103r de cuie \u00eentr-o bobin\u0103:<br \/>\n<strong>\u00a0 \u00a0 \u00a02,1<\/strong> (2,3) \/ de la <strong>22 p\u00e2n\u0103 la 55 mm<\/strong> \/ <strong>1.200 de buc\u0103\u021bi<\/strong><br \/>\n<strong>\u00a0 \u00a0 \u00a02,5<\/strong> mm \/ de la <strong>30 p\u00e2n\u0103 la 75 mm<\/strong> \/\u00a0\u00a0 <strong>900 de buc\u0103\u021bi<\/strong><br \/>\n<strong>\u00a0 \u00a0 \u00a02,8<\/strong> (2,7) \/ de la <strong>60-90<\/strong> mm \/ \u00a0\u00a0<strong>800 de buc\u0103\u021bi<\/strong><br \/>\n<strong>\u00a0 \u00a0 \u00a03,1<\/strong> (3.3) \/ din <strong>60 la 130<\/strong> mm \/ <strong>600 de buc\u0103\u021bi<\/strong><br \/>\nLa cerere, producem \u0219i cuie BDC \u00eenf\u0103\u0219urate pe bobine cu o capacitate de p\u00e2n\u0103 la 3.000 de buc\u0103\u021bi.<\/p>","protected":false},"excerpt":{"rendered":"<p><strong>BDC JUMBO cuie <\/strong><\/p>\n<p>Cuie \u00een bobine mari JUMBO conectate cu un fir, pentru a fi introduse cu scule cu o magazie JUMBO. Folosit pe linii de asamblare, ma\u0219ini \u0219i robo\u021bi.<\/p>","protected":false},"featured_media":8151,"template":"","meta":[],"_links":{"self":[{"href":"https:\/\/bizonfasteners.com\/ro\/wp-json\/wp\/v2\/product\/8157"}],"collection":[{"href":"https:\/\/bizonfasteners.com\/ro\/wp-json\/wp\/v2\/product"}],"about":[{"href":"https:\/\/bizonfasteners.com\/ro\/wp-json\/wp\/v2\/types\/product"}],"wp:featuredmedia":[{"embeddable":true,"href":"https:\/\/bizonfasteners.com\/ro\/wp-json\/wp\/v2\/media\/8151"}],"wp:attachment":[{"href":"https:\/\/bizonfasteners.com\/ro\/wp-json\/wp\/v2\/media?parent=8157"}],"curies":[{"name":"wp","href":"https:\/\/api.w.org\/{rel}","templated":true}]}}