{"id":8190,"date":"2021-04-12T14:15:33","date_gmt":"2021-04-12T12:15:33","guid":{"rendered":"https:\/\/bizonfasteners.com\/?post_type=product&#038;p=8190"},"modified":"2021-04-12T14:54:44","modified_gmt":"2021-04-12T12:54:44","slug":"gwozdzie-papowe-dpn-w-zwojach-drut","status":"publish","type":"product","link":"https:\/\/bizonfasteners.com\/ro\/produs\/gwozdzie-papowe-dpn-w-zwojach-drut\/","title":{"rendered":"Cuie de acoperi\u0219 DPN \u00een bobine - s\u00e2rm\u0103"},"content":{"rendered":"<p><strong>RING - <\/strong>inel laminat miez<br \/>\nMaterial \/ manopera:<br \/>\n<strong>\u00a0 \u00a0 \u00a0NK<\/strong> - o\u021bel galvanizat<br \/>\nDiametru: <strong>3,1 mm<\/strong><br \/>\nLungimi: de la <strong>16 <\/strong>jos <strong>45 mm<\/strong><br \/>\nDiametrul capului: <strong>10 mm<\/strong><br \/>\nNum\u0103rul de cuie \u00eentr-o bobin\u0103: 120 buc\u0103\u021bi<\/p>","protected":false},"excerpt":{"rendered":"<p><strong>Cuie de acoperi\u0219 DPN \u00een bobine - s\u00e2rm\u0103<\/strong><\/p>\n<p>Cuie pentru acoperi\u0219 conectate \u00een bobine cu un fir pentru a intra cu unelte pneumatice. Utilizat \u00een principal \u00een construc\u021bii \u0219i pentru fixarea capacelor pentru cutii de \u00eenc\u0103rcare.<\/p>","protected":false},"featured_media":8192,"template":"","meta":[],"_links":{"self":[{"href":"https:\/\/bizonfasteners.com\/ro\/wp-json\/wp\/v2\/product\/8190"}],"collection":[{"href":"https:\/\/bizonfasteners.com\/ro\/wp-json\/wp\/v2\/product"}],"about":[{"href":"https:\/\/bizonfasteners.com\/ro\/wp-json\/wp\/v2\/types\/product"}],"wp:featuredmedia":[{"embeddable":true,"href":"https:\/\/bizonfasteners.com\/ro\/wp-json\/wp\/v2\/media\/8192"}],"wp:attachment":[{"href":"https:\/\/bizonfasteners.com\/ro\/wp-json\/wp\/v2\/media?parent=8190"}],"curies":[{"name":"wp","href":"https:\/\/api.w.org\/{rel}","templated":true}]}}