{"id":8194,"date":"2021-04-12T15:09:08","date_gmt":"2021-04-12T13:09:08","guid":{"rendered":"https:\/\/bizonfasteners.com\/?post_type=product&#038;p=8194"},"modified":"2021-04-12T15:09:09","modified_gmt":"2021-04-12T13:09:09","slug":"gwozdziowkrety-w-zwojach-drut","status":"publish","type":"product","link":"https:\/\/bizonfasteners.com\/ro\/produs\/gwozdziowkrety-w-zwojach-drut\/","title":{"rendered":"Cuie-bobin\u0103 - s\u00e2rm\u0103"},"content":{"rendered":"<p>Material:<br \/>\n<strong>\u00a0 \u00a0 \u00a0NR<\/strong> - o\u021bel inoxidabil, grad 304<br \/>\nDiametre: de la <strong>2,0<\/strong> jos <strong>2,7 mm<\/strong><br \/>\nLungimi: de la <strong>14<\/strong> jos <strong>55 mm<\/strong><br \/>\nMiez laminat elicoidal<br \/>\nCap \u00eendoit cu scaun PZ1:<\/p>","protected":false},"excerpt":{"rendered":"<p><strong>Cuie-bobin\u0103 - s\u00e2rm\u0103<\/strong><\/p>\n<p>\u0218uruburi de cuie conectate \u00een bobine cu ajutorul unui fir pentru a fi introduse prin intermediul instrumentelor pneumatice. Folosit \u00een principal la instalarea produselor din lemn pentru gr\u0103din\u0103.<\/p>","protected":false},"featured_media":8195,"template":"","meta":[],"_links":{"self":[{"href":"https:\/\/bizonfasteners.com\/ro\/wp-json\/wp\/v2\/product\/8194"}],"collection":[{"href":"https:\/\/bizonfasteners.com\/ro\/wp-json\/wp\/v2\/product"}],"about":[{"href":"https:\/\/bizonfasteners.com\/ro\/wp-json\/wp\/v2\/types\/product"}],"wp:featuredmedia":[{"embeddable":true,"href":"https:\/\/bizonfasteners.com\/ro\/wp-json\/wp\/v2\/media\/8195"}],"wp:attachment":[{"href":"https:\/\/bizonfasteners.com\/ro\/wp-json\/wp\/v2\/media?parent=8194"}],"curies":[{"name":"wp","href":"https:\/\/api.w.org\/{rel}","templated":true}]}}